{"id":16548,"date":"2024-07-22T18:51:58","date_gmt":"2024-07-22T16:51:58","guid":{"rendered":"https:\/\/mfc.ski\/TERMS&#038;CONDITIONS"},"modified":"2024-09-23T14:24:05","modified_gmt":"2024-09-23T12:24:05","slug":"termsconditions","status":"publish","type":"page","link":"https:\/\/mfc.ski\/index.php\/termsconditions\/","title":{"rendered":"REGULAMIN MFC"},"content":{"rendered":"<ol class=\"wp-block-list\"><li>Regulamin dotyczy <strong>Majesty Freeride Camp<\/strong> i wszelkich innych imprez (\u0142\u0105cznie jako \u201eImpreza\u201d) organizowanych przez NARTY-AUSTRIA Pawe\u0142 Grodzicki, ul. Karlikowska 23\/25\/14, 81-735 Sopot, NIP 5851070233, REGON 192984510, tel. +48 604 615 505 &#8211; <strong>(\u201eOrganizator\u201d)<\/strong> i obowi\u0105zuje od dnia 1.09.2020 r.<\/li>\n\n<li>Regulamin wi\u0105\u017ce wszystkich uczestnik\u00f3w Imprezy (\u201eUczestnik\u201d), chocia\u017cby zg\u0142oszenie w ich imieniu dokonywa\u0142 podmiot trzeci.<\/li>\n\n<li>Jazda pozatrasowa i elementy skiaplinizmu i freestyle\u2019u to sporty ryzykowne, wi\u0105\u017c\u0105ce si\u0119 z mo\u017cliwo\u015bci\u0105 utraty zdrowia lub \u017cycia.<br><strong>Ka\u017cdy Uczestnik Imprezy jest \u015bwiadomy tego zagro\u017cenia i zobowi\u0105zany jest posiada\u0107 ubezpieczenie odpowiednie do tego typu aktywno\u015bci.<\/strong> Organizator nie ponosi odpowiedzialno\u015bci za szkody na zdrowiu podczas szkolenia, w szczeg\u00f3lno\u015bci te spowodowane lekkomy\u015blno\u015bci\u0105 lub niestosowaniem si\u0119 do zalece\u0144 instruktora.<\/li>\n\n<li>Przyst\u0119puj\u0105c do zaj\u0119\u0107, Uczestnik o\u015bwiadcza, i\u017c nie posiada \u017cadnych chor\u00f3b uniemo\u017cliwiaj\u0105cych uczestnictwo w Imprezie, lub mog\u0105cych stanowi\u0107 zagro\u017cenie dla niego lub innych Uczestnik\u00f3w.<\/li>\n\n<li>Ponie wa\u017c szkolenia przebiegaj\u0105 zgodnie z ustalon\u0105 metodyk\u0105, Uczestnik ma obowi\u0105zek uczestniczenia we wszystkich elementach Imprezy o charakterze szkoleniowym.<\/li>\n\n<li>W czasie prowadzenia szkolenia obowi\u0105zuje absolutny zakaz spo\u017cywania alkoholu oraz u\u017cywania \u015brodk\u00f3w odurzaj\u0105cych.<\/li>\n\n<li>Podczas zaj\u0119\u0107 szkoleniowych, nad bezpiecze\u0144stwem Uczestnik\u00f3w czuwaj\u0105 instruktorzy. Uczestnicy musz\u0105 bezwzgl\u0119dnie wykonywa\u0107 ich polecenia.<\/li>\n\n<li>W przypadku naruszania Regulaminu przez Uczestnik\u00f3w, Organizator ma prawo odm\u00f3wi\u0107 im dalszego udzia\u0142u w Imprezie. W takim przypadku Organizator nie jest zobowi\u0105zany do zwrotu op\u0142aty za Imprez\u0119.<\/li>\n\n<li>W trakcie Imprezy istnieje mo\u017cliwo\u015b\u0107 wypo\u017cyczenia sprz\u0119tu od Organizatora. Ka\u017cdy z uczestnik\u00f3w odpowiada za utrat\u0119 lub zniszczenie wypo\u017cyczonego sprz\u0119tu (nie dotyczy to jego normalnego zu\u017cycia). W przypadku utraty lub zniszczenia sprz\u0119tu Uczestnik zap\u0142aci Organizatorowi odszkodowanie w wysoko\u015bci jego rynkowej warto\u015bci.<\/li>\n\n<li>W chwili rezerwacji Organizator pobiera od Uczestnik\u00f3w bezzwrotn\u0105 op\u0142at\u0119 za organizacj\u0119 Imprezy (\u201eOp\u0142ata Rezerwacyjna\u201d), odpowiadaj\u0105c\u0105 kosztom ponoszonym niezale\u017cnie od przyjazdu Uczestnika na Imprez\u0119. Wysoko\u015b\u0107 tej op\u0142aty zale\u017cy od rodzaju Imprezy, a jej warto\u015b\u0107 jest wskazana w formularzu zg\u0142oszeniowym (\u201eFormularz\u201d). Pozosta\u0142a cz\u0119\u015b\u0107 op\u0142aty powinna zosta\u0107 uiszczona w terminie<br>i w spos\u00f3b okre\u015blony w Formularzu.<\/li>\n\n<li>Ka\u017cdy z Uczestnik\u00f3w jest uprawniony do rezygnacji z Imprezy nie p\u00f3\u017aniej ni\u017c w terminie 2 tygodni od jej rozpocz\u0119cia. W takim przypadku Op\u0142ata Rezerwacyjna nie podlega zwrotowi i pokrywa koszty, kt\u00f3re Organizator poni\u00f3s\u0142 w zwi\u0105zku z organizacj\u0105 Imprezy (z zastrze\u017ceniem pkt. 12 i 13 poni\u017cej). W przypadku p\u00f3\u017aniejszej rezygnacji Uczestnik jak i podmiot dokonuj\u0105cy rezerwacji s\u0105 solidarnie<br>zobowi\u0105zani do pokrycia wszelkich koszt\u00f3w, kt\u00f3re Organizator poni\u00f3s\u0142 w zwi\u0105zku z rezygnacj\u0105 Uczestnika z Imprezy (nie wy\u017cszych ni\u017c op\u0142ata za udzia\u0142 w Imprezie wskazana w Formularzu).<\/li>\n\n<li>Ka\u017cdy z Uczestnik\u00f3w jest uprawniony do rezygnacji z Imprezy w przypadku wprowadzenia powszechnie obowi\u0105zuj\u0105cych przepis\u00f3w prawa uniemo\u017cliwiaj\u0105cych mu udzia\u0142 w Imprezie, a zwi\u0105zanych ze stanem epidemii COVID-19, takich jak zamkni\u0119cie granic i\/lub wprowadzenie obowi\u0105zkowej kwarantanny dla podr\u00f3\u017cuj\u0105cych z Polski do miejsca Imprezy. W takim przypadku uiszczona op\u0142ata, w tym r\u00f3wnie\u017c Op\u0142ata Rezerwacyjna, podlegaj\u0105 zwrotowi. W celu usuni\u0119cia w\u0105tpliwo\u015bci, podstaw\u0105 bezkosztowej rezygnacji z Imprezy nie jest choroba Uczestnika ani indywidualnie na\u0142o\u017cony obowi\u0105zek kwarantanny.<\/li>\n\n<li>Organizator jest uprawniony do odwo\u0142ania Imprezy z przyczyn od niego niezale\u017cnych, w szczeg\u00f3lno\u015bci w przypadku niesprzyjaj\u0105cych warunk\u00f3w atmosferycznych, zmiany powszechnie obowi\u0105zuj\u0105cych przepis\u00f3w prawa lub w przypadku niezg\u0142oszenia si\u0119 wystarczaj\u0105cej liczby Uczestnik\u00f3w. W takim przypadku uiszczona op\u0142ata, w tym r\u00f3wnie\u017c Op\u0142ata Rezerwacyjna, podlegaj\u0105 zwrotowi.<\/li>\n\n<li>Zgodnie z przepisami Og\u00f3lnego Rozporz\u0105dzenia o Ochronie Danych Osobowych z dnia 27 kwietnia 2016 r. (dalej: \u201eRODO\u201d) informujemy, \u017ce Administratorem danych osobowych podanych w Formularzu jest Narty-Austria Pawe\u0142 Grodzicki. Podstaw\u0105 prawn\u0105 przetwarzania danych jest dobrowolna zgoda Uczestnik\u00f3w (art. 6 ust. 1 lit. a. RODO). Uczestnikom przys\u0142uguje prawo do cofni\u0119cia zgody na przetwarzanie danych osobowych w dowolnym momencie, co pozostaje bez wp\u0142ywu na zgodno\u015b\u0107 z prawem przetwarzania, kt\u00f3rego dokonano na podstawie zgody przed jej cofni\u0119ciem. Dane b\u0119d\u0105 przetwarzane a\u017c do cofni\u0119cia zgody. Dokonanie rezerwacji<br>danej Imprezy jest r\u00f3wnoczesne z wyra\u017ceniem zgody na otrzymywanie wszelkich informacji organizacyjnych i marketingowych. Wszelkie wnioski, pytania i \u017c\u0105dania zwi\u0105zane z przetwarzaniem danych osobowych powinny by\u0107 kierowane na adres e-mail: <strong>biuro@mfc.ski<\/strong>.<\/li><\/ol><div style=\"height:15px\" aria-hidden=\"true\" class=\"wp-block-spacer\"><\/div><h1 class=\"wp-block-heading\"><strong>REKLAMACJE:<\/strong><\/h1><ol class=\"wp-block-list\"><li>Administrator podejmuje dzia\u0142ania w\u00a0celu zapewnienia w\u00a0pe\u0142ni poprawnego dzia\u0142ania Serwisu, w\u00a0takim zakresie, jaki wynika z\u00a0aktualnej wiedzy technicznej i\u00a0zobowi\u0105zuje\u00a0si\u0119 usun\u0105\u0107 w\u00a0rozs\u0105dnym terminie wszelkie nieprawid\u0142owo\u015bci zg\u0142oszone przez U\u017cytkownik\u00f3w.<\/li>\n\n<li>U\u017cytkownik zobowi\u0105zany jest niezw\u0142ocznie powiadomi\u0107 Administratora o\u00a0wszelkich nieprawid\u0142owo\u015bciach w\u00a0funkcjonowaniu Serwisu.<\/li>\n\n<li>Nieprawid\u0142owo\u015bci zwi\u0105zane z\u00a0funkcjonowaniem Serwisu mo\u017ce zg\u0142asza\u0107 pisemnie \u00a0mailowo pod\u00a0adresem biuro@mfc.ski\u00a0<\/li>\n\n<li>W reklamacji U\u017cytkownik powinien poda\u0107 swoje imi\u0119 i\u00a0nazwisko, adres do\u00a0e-mail korespondencji w\u00a0przypadku z\u0142o\u017cenia pisemnej reklamacji, rodzaj i\u00a0dat\u0119 wyst\u0105pienia nieprawid\u0142owo\u015bci zwi\u0105zanej z\u00a0funkcjonowaniem Serwisu.<\/li>\n\n<li>O rozstrzygni\u0119ciu reklamacji U\u017cytkownik zostanie poinformowany drog\u0105 elektroniczn\u0105 na\u00a0wskazany w\u00a0ust. 1 powy\u017cej adres e-mail w\u00a0terminie 30 (trzydziestu) dni od\u00a0dnia z\u0142o\u017cenia przedmiotowej reklamacji.<\/li>\n\n<li>W przypadku zaistnienia sporu pomi\u0119dzy Administratorem a\u00a0U\u017cytkownikiem co do\u00a0zasadno\u015bci odmowy uwzgl\u0119dnienia reklamacji, U\u017cytkownikowi przys\u0142uguje prawo skorzystania z\u00a0pozas\u0105dowych sposob\u00f3w rozpatrywania reklamacji i\u00a0dochodzenia roszcze\u0144. U\u017cytkownik mo\u017ce skorzysta\u0107 z\u00a0mediacji lub\u00a0te\u017c polubownego s\u0105downictwa poprzez\u00a0dostarczenie do\u00a0instytucji, przed kt\u00f3r\u0105 b\u0119dzie toczy\u0142o\u00a0si\u0119 post\u0119powanie, odpowiedniego formularza \u2013 wniosku o\u00a0mediacj\u0119 lub\u00a0wniosku o\u00a0rozpatrzenie sprawy przed s\u0105dem polubownym. Lista przyk\u0142adowych instytucji wraz z\u00a0danymi teleadresowymi dost\u0119pna jest na\u00a0stronie\u00a0uokik.gov.pl. Pod\u00a0adresem\u00a0http:\/\/ec.europa.eu\/consumers\/odr\u00a0dost\u0119pna jest platforma internetowego systemu rozstrzygania spor\u00f3w pomi\u0119dzy konsumentami i\u00a0przedsi\u0119biorcami na\u00a0szczeblu unijnym (platforma ODR).<\/li>\n\n<li>Reklamacje w\u00a0zakresie wykonania Umowy nale\u017cy zg\u0142asza\u0107 zgodnie z\u00a0postanowieniami Warunk\u00f3w Uczestnictwa.<\/li><\/ol><p><\/p>","protected":false},"excerpt":{"rendered":"<p>REKLAMACJE:<\/p>\n","protected":false},"author":1,"featured_media":0,"parent":0,"menu_order":0,"comment_status":"closed","ping_status":"closed","template":"","meta":{"footnotes":""},"class_list":["post-16548","page","type-page","status-publish","hentry"],"_links":{"self":[{"href":"https:\/\/mfc.ski\/index.php\/wp-json\/wp\/v2\/pages\/16548","targetHints":{"allow":["GET"]}}],"collection":[{"href":"https:\/\/mfc.ski\/index.php\/wp-json\/wp\/v2\/pages"}],"about":[{"href":"https:\/\/mfc.ski\/index.php\/wp-json\/wp\/v2\/types\/page"}],"author":[{"embeddable":true,"href":"https:\/\/mfc.ski\/index.php\/wp-json\/wp\/v2\/users\/1"}],"replies":[{"embeddable":true,"href":"https:\/\/mfc.ski\/index.php\/wp-json\/wp\/v2\/comments?post=16548"}],"version-history":[{"count":4,"href":"https:\/\/mfc.ski\/index.php\/wp-json\/wp\/v2\/pages\/16548\/revisions"}],"predecessor-version":[{"id":18083,"href":"https:\/\/mfc.ski\/index.php\/wp-json\/wp\/v2\/pages\/16548\/revisions\/18083"}],"wp:attachment":[{"href":"https:\/\/mfc.ski\/index.php\/wp-json\/wp\/v2\/media?parent=16548"}],"curies":[{"name":"wp","href":"https:\/\/api.w.org\/{rel}","templated":true}]}}