{"id":15253,"date":"2015-02-05T16:08:02","date_gmt":"2015-02-05T16:08:02","guid":{"rendered":"http:\/\/demo.qodeinteractive.com\/bridge62\/?page_id=15253"},"modified":"2024-08-19T18:17:53","modified_gmt":"2024-08-19T16:17:53","slug":"home-7-2","status":"publish","type":"page","link":"https:\/\/mfc.ski\/","title":{"rendered":"Home"},"content":{"rendered":"<p>[vc_row css_animation=&#8221;&#8221; row_type=&#8221;row&#8221; use_row_as_full_screen_section=&#8221;no&#8221; type=&#8221;grid&#8221; angled_section=&#8221;no&#8221; text_align=&#8221;left&#8221; background_image_as_pattern=&#8221;without_pattern&#8221; padding_top=&#8221;65&#8243; padding_bottom=&#8221;32&#8243;][vc_column width=&#8221;1\/2&#8243;][vc_single_image image=&#8221;16255&#8243; img_size=&#8221;full&#8221; qode_css_animation=&#8221;&#8221;][vc_separator type=&#8221;transparent&#8221; up=&#8221;20&#8243;][\/vc_column][vc_column width=&#8221;1\/2&#8243;][vc_column_text]<\/p>\n<h2>Majesty Freeride Camp<\/h2>\n<p>[\/vc_column_text][vc_separator type=&#8221;normal&#8221; color=&#8221;#707070&#8243; up=&#8221;20&#8243;][vc_separator type=&#8221;transparent&#8221; up=&#8221;1&#8243;][vc_column_text]Majesty Freeride Camp to nasz flagowy produkt, kt\u00f3ry organizujemy ju\u017c od \u0142adnych paru lat. Ten freeridowy ob\u00f3z narciarski odbywaj\u0105cy si\u0119 kilka razy do roku w kultowych alpejskich o\u015brodkach skupia si\u0119 na bezpiecznej zabawie w naturalnym terenie g\u00f3rskim. Na ka\u017cdym obozie s\u0105 r\u00f3\u017cne bloki tematyczne z zakresu narciarstwa freeridowego, aby pozna\u0107 pe\u0142ne spectrum jazy pozatrasowej. Do dyspozycji uczestnik\u00f3w s\u0105 narty polskiej marki Majesty z aktualnej kolekcji. W zak\u0142adce &#8222;campy&#8221; na naszej stronie mo\u017cna znale\u017a\u0107 harmonogram cam\u00f3w na bie\u017c\u0105cy sezon oraz ramowy program wyjazdu. Je\u015bli masz jeszcze jakie\u015b pytania, sprawd\u017a nasze <a href=\"http:\/\/mfc.ski\/index.php\/faq\/\">FAQ<\/a>, a je\u015bli nie znajdziesz tam swojej odpowiedzi skrobnij do nas maila na: <a href=\"mailto:biuro@mfc.ski\">biuro@mfc.ski<\/a> lub odezwij si\u0119 do nas na <a href=\"http:\/\/www.facebook.pl\/MajestyFreerideCamp\" target=\"_blank\" rel=\"noopener noreferrer\">facebooku<\/a>![\/vc_column_text][vc_separator type=&#8221;transparent&#8221; up=&#8221;8&#8243;]<span data-type=\"circle\"  data-hover-icon-color=\"#dd3333\" class=\"qode_icon_shortcode fa-stack q_font_awsome_icon_stack fa-lg  \" style=\" \"><a  itemprop=\"url\" href=\"http:\/\/facebook.pl\/MajestyFreerideCamp\" target=\"_blank\"><i class=\"fa fa-circle fa-stack-base fa-stack-2x\" style=\"\"><\/i><i class=\"qode_icon_font_awesome fa fa-facebook qode_icon_element fa-stack-1x\" style=\"\" ><\/i><\/a><\/span><span data-type=\"circle\"  data-hover-icon-color=\"#dd3333\" class=\"qode_icon_shortcode fa-stack q_font_awsome_icon_stack fa-lg  \" style=\" \"><a  itemprop=\"url\" href=\"https:\/\/www.instagram.com\/majesty_freeride_camp\" target=\"_blank\"><i class=\"fa fa-circle fa-stack-base fa-stack-2x\" style=\"\"><\/i><i class=\"qode_icon_font_awesome fa fa-instagram qode_icon_element fa-stack-1x\" style=\"\" ><\/i><\/a><\/span>[vc_separator type=&#8221;transparent&#8221; up=&#8221;8&#8243;]<a  itemprop=\"url\" href=\"https:\/\/mfc.ski\/index.php\/campy-2025\/\" target=\"_self\" data-hover-background-color=#e51314 data-hover-border-color=#e51314 data-hover-color=#ffffff class=\"qbutton  small default\" style=\"color: #363636; border-color: #363636; \">SPRAWD\u0179 TERMINY<\/a>[\/vc_column][vc_column][vc_separator type=&#8221;transparent&#8221;][vc_separator type=&#8221;transparent&#8221;][vc_separator type=&#8221;transparent&#8221;][vc_separator type=&#8221;normal&#8221; color=&#8221;#dd3333&#8243;][vc_column_text]<\/p>\n<h2 style=\"text-align: center;\">Pisz\u0105 o nas<\/h2>\n<p>[\/vc_column_text][\/vc_column][\/vc_row][vc_row css_animation=&#8221;&#8221; row_type=&#8221;row&#8221; use_row_as_full_screen_section=&#8221;no&#8221; type=&#8221;grid&#8221; angled_section=&#8221;no&#8221; text_align=&#8221;left&#8221; background_image_as_pattern=&#8221;without_pattern&#8221; padding_top=&#8221;65&#8243; padding_bottom=&#8221;32&#8243;][vc_column width=&#8221;1\/3&#8243;][vc_column_text]<\/p>\n<h2>Pure Powder Blog<\/h2>\n<p>[\/vc_column_text][vc_separator type=&#8221;normal&#8221;][vc_single_image image=&#8221;15981&#8243; img_size=&#8221;medium&#8221; qode_css_animation=&#8221;&#8221;][vc_separator type=&#8221;transparent&#8221; up=&#8221;20&#8243;][vc_column_text]<em>W zesz\u0142ym sezonie dostali\u015bmy od Paw\u0142a Grodzickiego zaproszenie na Majesty Freeride Camp. Ju\u017c wcze\u015bniej je\u017adzili\u015bmy z Grodziem w jego rewirach i wiedzieli\u015bmy, \u017ce teren jest tam wyborny, teraz mieli\u015bmy okazj\u0119 si\u0119 przekona\u0107 jak to wygl\u0105da na campie&#8230;<\/em><\/p>\n<p>[\/vc_column_text][vc_separator type=&#8221;transparent&#8221; up=&#8221;2&#8243;]<a  itemprop=\"url\" href=\"https:\/\/pure.powder.pl\/2019\/01\/02\/majesty-freeride-camp\/\" target=\"_blank\"  class=\"qbutton  default\" style=\"\">Wi\u0119cej...<\/a>[vc_separator type=&#8221;transparent&#8221; up=&#8221;8&#8243;][vc_separator type=&#8221;transparent&#8221; up=&#8221;35&#8243;][\/vc_column][vc_column width=&#8221;1\/3&#8243;][vc_column_text]<\/p>\n<h2>narty.blog.polityka.pl<\/h2>\n<p>[\/vc_column_text][vc_separator type=&#8221;normal&#8221;][vc_single_image image=&#8221;16174&#8243; img_size=&#8221;medium&#8221; qode_css_animation=&#8221;&#8221;][vc_separator type=&#8221;transparent&#8221; up=&#8221;20&#8243;][vc_column_text]Jak ju\u017c\u00a0<a href=\"http:\/\/narty.blog.polityka.pl\/2017\/03\/14\/to-byl-camp-1\/\" target=\"_blank\" rel=\"noopener noreferrer\">tu<\/a> pisa\u0142em: dawno tyle si\u0119 nie nauczy\u0142em o technice jazdy w terenie i w rozmaitych \u015bniegach, lawinach i detalach konstrukcyjnych sprz\u0119tu co podczas niedawnego Majesty Freeride Camp w tyrolskiej Zillertal. Pora wi\u0119c na kolejn\u0105 porcj\u0119 wra\u017ce\u0144&#8230;[\/vc_column_text][vc_separator type=&#8221;transparent&#8221; up=&#8221;8&#8243;]<a  itemprop=\"url\" href=\"https:\/\/narty.blog.polityka.pl\/2017\/03\/20\/to-byl-camp-2\/\" target=\"_blank\" data-hover-background-color=#e51314 data-hover-border-color=#e51314 data-hover-color=#ffffff class=\"qbutton  small default\" style=\"color: #363636; border-color: #363636; \">Wi\u0119cej...<\/a>[\/vc_column][vc_column width=&#8221;1\/3&#8243;][vc_column_text]<\/p>\n<h2>Treneiro Vlog<\/h2>\n<p>[\/vc_column_text][vc_separator type=&#8221;normal&#8221;][vc_separator type=&#8221;transparent&#8221;][vc_video link=&#8221;https:\/\/www.youtube.com\/watch?v=j-dIBxp_BoI&amp;t=2s&#8221;][\/vc_column][vc_column][\/vc_column][\/vc_row][vc_row css_animation=&#8221;&#8221; row_type=&#8221;row&#8221; use_row_as_full_screen_section=&#8221;no&#8221; type=&#8221;grid&#8221; angled_section=&#8221;no&#8221; text_align=&#8221;left&#8221; background_image_as_pattern=&#8221;without_pattern&#8221; padding_top=&#8221;70&#8243; padding_bottom=&#8221;10&#8243;][vc_column width=&#8221;1\/2&#8243;][vc_single_image image=&#8221;16266&#8243; img_size=&#8221;full&#8221; alignment=&#8221;center&#8221; qode_css_animation=&#8221;&#8221;][vc_separator type=&#8221;transparent&#8221; up=&#8221;60&#8243;][\/vc_column][vc_column width=&#8221;1\/2&#8243;][vc_column_text]<\/p>\n<h2>MAJESTY \u2013 nasz g\u0142\u00f3wny partner strategiczny<\/h2>\n<p>[\/vc_column_text][vc_separator type=&#8221;transparent&#8221; up=&#8221;13&#8243;][vc_column_text]Majesty to marka za\u0142o\u017cona w 2007 roku przez ludzi, kt\u00f3rzy narciarstwo maj\u0105 we krwi. Tworz\u0105c narty \u0142\u0105cz\u0105 technologi\u0119 i oczekiwania sportowc\u00f3w ze sztuk\u0105 i wyj\u0105tkowym designem. Marka Majesty, to oczywisty wyb\u00f3r dla ka\u017cdego, kto szuka produkt\u00f3w doskona\u0142ej jako\u015bci, \u015bwietnie wygl\u0105daj\u0105cych i powstaj\u0105cych z szacunkiem dla otoczenia. Podczas naszych oboz\u00f3w b\u0119dziecie mogli testowa\u0107 narty z aktualnej kolekcji Majesty. Zach\u0119camy do odwiedzenia strony <a href=\"http:\/\/www.majestyskis.com\/pl\" target=\"_blank\" rel=\"noopener noreferrer\">www<\/a>.<\/p>\n<p>&nbsp;<\/p>\n<p>[\/vc_column_text]<span data-type=\"circle\" data-hover-bg-color=\"#dddddd\"  class=\"qode_icon_shortcode fa-stack q_font_awsome_icon_stack fa-lg  \" style=\" \"><a  itemprop=\"url\" href=\"http:\/\/facebook.pl\/MAJESTYSKIS\" target=\"_blank\"><i class=\"fa fa-circle fa-stack-base fa-stack-2x\" style=\"color: #a31f29;\"><\/i><i class=\"qode_icon_font_awesome fa fa-facebook qode_icon_element fa-stack-1x\" style=\"color: #ffffff;\" ><\/i><\/a><\/span><span data-type=\"circle\" data-hover-bg-color=\"#dddddd\"  class=\"qode_icon_shortcode fa-stack q_font_awsome_icon_stack fa-lg  \" style=\" \"><a  itemprop=\"url\" href=\"http:\/\/majestyskis.pl\" target=\"_blank\"><i class=\"fa fa-circle fa-stack-base fa-stack-2x\" style=\"color: #a31f29;\"><\/i><i class=\"qode_icon_font_awesome fa fa-home qode_icon_element fa-stack-1x\" style=\"\" ><\/i><\/a><\/span><span data-type=\"circle\" data-hover-bg-color=\"#dddddd\"  class=\"qode_icon_shortcode fa-stack q_font_awsome_icon_stack fa-lg  \" style=\" \"><a  itemprop=\"url\" href=\"http:\/\/instagram.com\/majesty_skis\" target=\"_blank\"><i class=\"fa fa-circle fa-stack-base fa-stack-2x\" style=\"color: #a31f29;\"><\/i><i class=\"qode_icon_font_awesome fa fa-instagram qode_icon_element fa-stack-1x\" style=\"\" ><\/i><\/a><\/span>[\/vc_column][\/vc_row][vc_row css_animation=&#8221;&#8221; row_type=&#8221;row&#8221; use_row_as_full_screen_section=&#8221;no&#8221; type=&#8221;full_width&#8221; angled_section=&#8221;no&#8221; text_align=&#8221;left&#8221; background_image_as_pattern=&#8221;without_pattern&#8221;][vc_column][vc_separator type=&#8221;transparent&#8221;][vc_separator type=&#8221;normal&#8221;][vc_separator type=&#8221;transparent&#8221;][\/vc_column][\/vc_row][vc_row css_animation=&#8221;&#8221; row_type=&#8221;row&#8221; use_row_as_full_screen_section=&#8221;no&#8221; type=&#8221;full_width&#8221; angled_section=&#8221;no&#8221; text_align=&#8221;left&#8221; background_image_as_pattern=&#8221;without_pattern&#8221;][vc_column][vc_column_text]<\/p>\n<h5 style=\"text-align: center;\">WSPIERAJ\u0104 NAS R\u00d3WNIE\u017b:<\/h5>\n<p>[\/vc_column_text][vc_separator type=&#8221;transparent&#8221;]<div class='qode_carousels_holder clearfix'><div class='qode_carousels' data-number-of-visible-items=''><ul class='slides'><li class='item'><div class=\"carousel_item_holder\"><span class='first_image_holder '><img decoding=\"async\" itemprop=\"image\" src=\"http:\/\/mfc.ski\/wp-content\/uploads\/2019\/03\/tirol.png\" alt=\"carousel image\" \/><\/span><\/div><\/li><li class='item'><div class=\"carousel_item_holder\"><span class='first_image_holder '><img decoding=\"async\" itemprop=\"image\" src=\"http:\/\/mfc.ski\/wp-content\/uploads\/2019\/03\/pp.png\" alt=\"carousel image\" \/><\/span><\/div><\/li><li class='item'><div class=\"carousel_item_holder\"><span class='first_image_holder '><img decoding=\"async\" itemprop=\"image\" src=\"http:\/\/mfc.ski\/wp-content\/uploads\/2019\/03\/ferrino.png\" alt=\"carousel image\" \/><\/span><\/div><\/li><li class='item'><div class=\"carousel_item_holder\"><span class='first_image_holder '><img decoding=\"async\" itemprop=\"image\" src=\"http:\/\/mfc.ski\/wp-content\/uploads\/2019\/03\/dasea.png\" alt=\"carousel image\" \/><\/span><\/div><\/li><li class='item'><div class=\"carousel_item_holder\"><span class='first_image_holder '><img decoding=\"async\" itemprop=\"image\" src=\"http:\/\/mfc.ski\/wp-content\/uploads\/2019\/03\/snm.png\" alt=\"carousel image\" \/><\/span><\/div><\/li><li class='item'><div class=\"carousel_item_holder\"><span class='first_image_holder '><img decoding=\"async\" itemprop=\"image\" src=\"http:\/\/mfc.ski\/wp-content\/uploads\/2020\/12\/majesty3.png\" alt=\"carousel image\" \/><\/span><\/div><\/li><li class='item'><div class=\"carousel_item_holder\"><span class='first_image_holder '><img decoding=\"async\" itemprop=\"image\" src=\"http:\/\/mfc.ski\/wp-content\/uploads\/2019\/03\/patagonia2.png\" alt=\"carousel image\" \/><\/span><\/div><\/li><li class='item'><div class=\"carousel_item_holder\"><span class='first_image_holder '><img decoding=\"async\" itemprop=\"image\" src=\"http:\/\/mfc.ski\/wp-content\/uploads\/2020\/12\/dalbello.png\" alt=\"carousel image\" \/><\/span><\/div><\/li><li class='item'><div class=\"carousel_item_holder\"><span class='first_image_holder '><img decoding=\"async\" itemprop=\"image\" src=\"http:\/\/mfc.ski\/wp-content\/uploads\/2020\/12\/marker.png\" alt=\"carousel image\" \/><\/span><\/div><\/li><\/ul><\/div><\/div>[vc_separator type=&#8221;transparent&#8221;][\/vc_column][\/vc_row][vc_row css_animation=&#8221;&#8221; row_type=&#8221;row&#8221; use_row_as_full_screen_section=&#8221;no&#8221; type=&#8221;full_width&#8221; angled_section=&#8221;no&#8221; text_align=&#8221;left&#8221; background_image_as_pattern=&#8221;without_pattern&#8221;][vc_column][vc_separator type=&#8221;transparent&#8221;][\/vc_column][\/vc_row]<\/p>\n","protected":false},"excerpt":{"rendered":"<p>[vc_row css_animation=&#8221;&#8221; row_type=&#8221;row&#8221; use_row_as_full_screen_section=&#8221;no&#8221; type=&#8221;grid&#8221; angled_section=&#8221;no&#8221; text_align=&#8221;left&#8221; background_image_as_pattern=&#8221;without_pattern&#8221; padding_top=&#8221;65&#8243; padding_bottom=&#8221;32&#8243;][vc_column width=&#8221;1\/2&#8243;][vc_single_image image=&#8221;16255&#8243; img_size=&#8221;full&#8221; qode_css_animation=&#8221;&#8221;][vc_separator type=&#8221;transparent&#8221; up=&#8221;20&#8243;][\/vc_column][vc_column width=&#8221;1\/2&#8243;][vc_column_text] Majesty Freeride Camp [\/vc_column_text][vc_separator type=&#8221;normal&#8221; color=&#8221;#707070&#8243; up=&#8221;20&#8243;][vc_separator type=&#8221;transparent&#8221; up=&#8221;1&#8243;][vc_column_text]Majesty Freeride Camp to nasz flagowy produkt, kt\u00f3ry organizujemy ju\u017c od \u0142adnych paru lat. Ten freeridowy ob\u00f3z narciarski odbywaj\u0105cy si\u0119&#8230;<\/p>\n","protected":false},"author":1,"featured_media":0,"parent":0,"menu_order":0,"comment_status":"open","ping_status":"open","template":"full_width.php","meta":{"footnotes":""},"class_list":["post-15253","page","type-page","status-publish","hentry"],"_links":{"self":[{"href":"https:\/\/mfc.ski\/index.php\/wp-json\/wp\/v2\/pages\/15253","targetHints":{"allow":["GET"]}}],"collection":[{"href":"https:\/\/mfc.ski\/index.php\/wp-json\/wp\/v2\/pages"}],"about":[{"href":"https:\/\/mfc.ski\/index.php\/wp-json\/wp\/v2\/types\/page"}],"author":[{"embeddable":true,"href":"https:\/\/mfc.ski\/index.php\/wp-json\/wp\/v2\/users\/1"}],"replies":[{"embeddable":true,"href":"https:\/\/mfc.ski\/index.php\/wp-json\/wp\/v2\/comments?post=15253"}],"version-history":[{"count":95,"href":"https:\/\/mfc.ski\/index.php\/wp-json\/wp\/v2\/pages\/15253\/revisions"}],"predecessor-version":[{"id":17540,"href":"https:\/\/mfc.ski\/index.php\/wp-json\/wp\/v2\/pages\/15253\/revisions\/17540"}],"wp:attachment":[{"href":"https:\/\/mfc.ski\/index.php\/wp-json\/wp\/v2\/media?parent=15253"}],"curies":[{"name":"wp","href":"https:\/\/api.w.org\/{rel}","templated":true}]}}